{"id":286,"date":"2023-10-24T21:23:08","date_gmt":"2023-10-24T21:23:08","guid":{"rendered":"https:\/\/www.dresscode.com.uy\/?page_id=286"},"modified":"2023-10-25T10:59:15","modified_gmt":"2023-10-25T10:59:15","slug":"cafe","status":"publish","type":"page","link":"https:\/\/www.dresscode.com.uy\/?page_id=286","title":{"rendered":"Passion Coffe\u00a0Club"},"content":{"rendered":"<p style=\"text-align: center;\"><strong>Passion Coffe shop.<\/strong><\/p>\n<p style=\"text-align: center;\">Punta del Este (Beverly Hills) (La Barra) y Nuevo Passion coffe shop en Pocitos Montevideo.<\/p>\n<p style=\"text-align: center;\"><em><strong>Viv\u00ed una nueva experiencia en Cafeter\u00eda.<br \/>\n<\/strong><\/em><br \/>\nMen\u00fa de caf\u00e9s<br \/>\nMen\u00fa de leches<br \/>\nPatiserie<\/p>\n\n\t\t<style type=\"text\/css\">\n\t\t\t#gallery-1 {\n\t\t\t\tmargin: auto;\n\t\t\t}\n\t\t\t#gallery-1 .gallery-item {\n\t\t\t\tfloat: left;\n\t\t\t\tmargin-top: 10px;\n\t\t\t\ttext-align: center;\n\t\t\t\twidth: 33%;\n\t\t\t}\n\t\t\t#gallery-1 img {\n\t\t\t\tborder: 2px solid #cfcfcf;\n\t\t\t}\n\t\t\t#gallery-1 .gallery-caption {\n\t\t\t\tmargin-left: 0;\n\t\t\t}\n\t\t\t\/* see gallery_shortcode() in wp-includes\/media.php *\/\n\t\t<\/style>\n\t\t<div id='gallery-1' class='gallery galleryid-286 gallery-columns-3 gallery-size-thumbnail'><dl class='gallery-item'>\n\t\t\t<dt class='gallery-icon landscape'>\n\t\t\t\t<a href='https:\/\/www.dresscode.com.uy\/wp-content\/uploads\/2023\/10\/Logo_Illy.svg_.png'><img loading=\"lazy\" decoding=\"async\" width=\"150\" height=\"150\" src=\"https:\/\/www.dresscode.com.uy\/wp-content\/uploads\/2023\/10\/Logo_Illy.svg_-150x150.png\" class=\"attachment-thumbnail size-thumbnail\" alt=\"\" srcset=\"https:\/\/www.dresscode.com.uy\/wp-content\/uploads\/2023\/10\/Logo_Illy.svg_-150x150.png 150w, https:\/\/www.dresscode.com.uy\/wp-content\/uploads\/2023\/10\/Logo_Illy.svg_-300x300.png 300w, https:\/\/www.dresscode.com.uy\/wp-content\/uploads\/2023\/10\/Logo_Illy.svg_-1024x1024.png 1024w, https:\/\/www.dresscode.com.uy\/wp-content\/uploads\/2023\/10\/Logo_Illy.svg_-768x768.png 768w, https:\/\/www.dresscode.com.uy\/wp-content\/uploads\/2023\/10\/Logo_Illy.svg_-1536x1536.png 1536w, https:\/\/www.dresscode.com.uy\/wp-content\/uploads\/2023\/10\/Logo_Illy.svg_-1080x1080.png 1080w, https:\/\/www.dresscode.com.uy\/wp-content\/uploads\/2023\/10\/Logo_Illy.svg_.png 2048w\" sizes=\"auto, (max-width: 150px) 100vw, 150px\" \/><\/a>\n\t\t\t<\/dt><\/dl><dl class='gallery-item'>\n\t\t\t<dt class='gallery-icon landscape'>\n\t\t\t\t<a href='https:\/\/www.dresscode.com.uy\/wp-content\/uploads\/2023\/10\/passion2.jpg'><img loading=\"lazy\" decoding=\"async\" width=\"150\" height=\"150\" src=\"https:\/\/www.dresscode.com.uy\/wp-content\/uploads\/2023\/10\/passion2-150x150.jpg\" class=\"attachment-thumbnail size-thumbnail\" alt=\"\" \/><\/a>\n\t\t\t<\/dt><\/dl><dl class='gallery-item'>\n\t\t\t<dt class='gallery-icon landscape'>\n\t\t\t\t<a href='https:\/\/www.dresscode.com.uy\/wp-content\/uploads\/2023\/10\/passun1.jpg'><img loading=\"lazy\" decoding=\"async\" width=\"150\" height=\"150\" src=\"https:\/\/www.dresscode.com.uy\/wp-content\/uploads\/2023\/10\/passun1-150x150.jpg\" class=\"attachment-thumbnail size-thumbnail\" alt=\"\" \/><\/a>\n\t\t\t<\/dt><\/dl><br style=\"clear: both\" \/>\n\t\t<\/div>\n\n\n\t\t<style type=\"text\/css\">\n\t\t\t#gallery-2 {\n\t\t\t\tmargin: auto;\n\t\t\t}\n\t\t\t#gallery-2 .gallery-item {\n\t\t\t\tfloat: left;\n\t\t\t\tmargin-top: 10px;\n\t\t\t\ttext-align: center;\n\t\t\t\twidth: 25%;\n\t\t\t}\n\t\t\t#gallery-2 img {\n\t\t\t\tborder: 2px solid #cfcfcf;\n\t\t\t}\n\t\t\t#gallery-2 .gallery-caption {\n\t\t\t\tmargin-left: 0;\n\t\t\t}\n\t\t\t\/* see gallery_shortcode() in wp-includes\/media.php *\/\n\t\t<\/style>\n\t\t<div id='gallery-2' class='gallery galleryid-286 gallery-columns-4 gallery-size-thumbnail'><dl class='gallery-item'>\n\t\t\t<dt class='gallery-icon landscape'>\n\t\t\t\t<a href='https:\/\/www.dresscode.com.uy\/?attachment_id=296'><img loading=\"lazy\" decoding=\"async\" width=\"150\" height=\"150\" src=\"https:\/\/www.dresscode.com.uy\/wp-content\/uploads\/2023\/10\/Imagen-de-WhatsApp-2023-10-24-a-las-18.06.56_688b8f7b-150x150.jpg\" class=\"attachment-thumbnail size-thumbnail\" alt=\"\" \/><\/a>\n\t\t\t<\/dt><\/dl><dl class='gallery-item'>\n\t\t\t<dt class='gallery-icon landscape'>\n\t\t\t\t<a href='https:\/\/www.dresscode.com.uy\/?attachment_id=299'><img loading=\"lazy\" decoding=\"async\" width=\"150\" height=\"150\" src=\"https:\/\/www.dresscode.com.uy\/wp-content\/uploads\/2023\/10\/Imagen-de-WhatsApp-2023-10-24-a-las-18.06.56_e4f3c2b8-150x150.jpg\" class=\"attachment-thumbnail size-thumbnail\" alt=\"\" \/><\/a>\n\t\t\t<\/dt><\/dl><dl class='gallery-item'>\n\t\t\t<dt class='gallery-icon portrait'>\n\t\t\t\t<a href='https:\/\/www.dresscode.com.uy\/?attachment_id=298'><img loading=\"lazy\" decoding=\"async\" width=\"150\" height=\"150\" src=\"https:\/\/www.dresscode.com.uy\/wp-content\/uploads\/2023\/10\/Imagen-de-WhatsApp-2023-10-24-a-las-18.06.56_a913678b-150x150.jpg\" class=\"attachment-thumbnail size-thumbnail\" alt=\"\" \/><\/a>\n\t\t\t<\/dt><\/dl><dl class='gallery-item'>\n\t\t\t<dt class='gallery-icon landscape'>\n\t\t\t\t<a href='https:\/\/www.dresscode.com.uy\/?attachment_id=297'><img loading=\"lazy\" decoding=\"async\" width=\"150\" height=\"150\" src=\"https:\/\/www.dresscode.com.uy\/wp-content\/uploads\/2023\/10\/Imagen-de-WhatsApp-2023-10-24-a-las-18.06.56_a824e75c-150x150.jpg\" class=\"attachment-thumbnail size-thumbnail\" alt=\"\" \/><\/a>\n\t\t\t<\/dt><\/dl><br style=\"clear: both\" \/>\n\t\t<\/div>\n\n","protected":false},"excerpt":{"rendered":"<p>Passion Coffe shop. Punta del Este (Beverly Hills) (La Barra) y Nuevo Passion coffe shop en Pocitos Montevideo. Viv\u00ed una nueva experiencia en Cafeter\u00eda. Men\u00fa de caf\u00e9s Men\u00fa de leches Patiserie<\/p>\n","protected":false},"author":1,"featured_media":297,"parent":0,"menu_order":5,"comment_status":"closed","ping_status":"closed","template":"","meta":{"footnotes":""},"folder":[],"class_list":["post-286","page","type-page","status-publish","has-post-thumbnail","hentry"],"_links":{"self":[{"href":"https:\/\/www.dresscode.com.uy\/index.php?rest_route=\/wp\/v2\/pages\/286","targetHints":{"allow":["GET"]}}],"collection":[{"href":"https:\/\/www.dresscode.com.uy\/index.php?rest_route=\/wp\/v2\/pages"}],"about":[{"href":"https:\/\/www.dresscode.com.uy\/index.php?rest_route=\/wp\/v2\/types\/page"}],"author":[{"embeddable":true,"href":"https:\/\/www.dresscode.com.uy\/index.php?rest_route=\/wp\/v2\/users\/1"}],"replies":[{"embeddable":true,"href":"https:\/\/www.dresscode.com.uy\/index.php?rest_route=%2Fwp%2Fv2%2Fcomments&post=286"}],"version-history":[{"count":7,"href":"https:\/\/www.dresscode.com.uy\/index.php?rest_route=\/wp\/v2\/pages\/286\/revisions"}],"predecessor-version":[{"id":323,"href":"https:\/\/www.dresscode.com.uy\/index.php?rest_route=\/wp\/v2\/pages\/286\/revisions\/323"}],"wp:featuredmedia":[{"embeddable":true,"href":"https:\/\/www.dresscode.com.uy\/index.php?rest_route=\/wp\/v2\/media\/297"}],"wp:attachment":[{"href":"https:\/\/www.dresscode.com.uy\/index.php?rest_route=%2Fwp%2Fv2%2Fmedia&parent=286"}],"wp:term":[{"taxonomy":"folder","embeddable":true,"href":"https:\/\/www.dresscode.com.uy\/index.php?rest_route=%2Fwp%2Fv2%2Ffolder&post=286"}],"curies":[{"name":"wp","href":"https:\/\/api.w.org\/{rel}","templated":true}]}}