{"id":2,"date":"2023-10-05T22:40:16","date_gmt":"2023-10-05T22:40:16","guid":{"rendered":"https:\/\/www.dresscode.com.uy\/?page_id=2"},"modified":"2023-10-23T22:41:05","modified_gmt":"2023-10-23T22:41:05","slug":"sample-page","status":"publish","type":"page","link":"https:\/\/www.dresscode.com.uy\/?page_id=2","title":{"rendered":"Acerca nuestro"},"content":{"rendered":"<p><strong><br \/>\n<img loading=\"lazy\" decoding=\"async\" class=\"size-medium wp-image-203 alignleft\" src=\"https:\/\/www.dresscode.com.uy\/wp-content\/uploads\/2023\/10\/vest7-209x300.jpg\" alt=\"\" width=\"209\" height=\"300\" srcset=\"https:\/\/www.dresscode.com.uy\/wp-content\/uploads\/2023\/10\/vest7-209x300.jpg 209w, https:\/\/www.dresscode.com.uy\/wp-content\/uploads\/2023\/10\/vest7.jpg 712w\" sizes=\"auto, (max-width: 209px) 100vw, 209px\" \/><br \/>\nFashion Project Atemporal MHFdelP.<\/strong><\/p>\n<p>Comenz\u00f3 el desarrollo con mis estudios realizados en Italia, Francia y USA.<br \/>\nCon el ferviente deseo y objetivo de brindarle tanto a hombres como mujeres el buen vestir y la alta costura Bespoke tailor.<\/p>\n<p>Libertad es el simple pretexto.<\/p>\n<p><strong>Mi estilo lo defino diciendo:<\/strong><\/p>\n<p><strong>\u00abEs el exceso en su estado m\u00e1s puro\u00bb<\/strong><br \/>\n<strong>\u00abEt le chic contemporain\u00bb<\/strong><\/p>\n<p>&nbsp;<\/p>\n<p>&nbsp;<\/p>\n<p>Mis dise\u00f1os y piezas no son tendencias esfimeras son verdaderamente modelos atemporales, con su propia expresi\u00f3n liberan la trama del tiempo dando el lugar al ser atrevidos y distinguidos.<br \/>\nLos ingredientes son: Amor, Passion y Atencion sin excepci\u00f3n.<\/p>\n<p>Es un inigualable estilo, apasionado y loco, con un espectacular charm que vibra el centro de atenci\u00f3n de todo territorio de la moda.<br \/>\nSe siente en cada pieza la curtida frangancia de la hermosa y abundante vida, es una combinaci\u00f3n adictiva de lo etnico, elegante, desafiante y urbano del Top Look con su identidad intensa, a la vez sensual, estimulante y una emocionante y desafiante presencia en todo lugar.<\/p>\n<p>Son literalmente tenues y expresivos y detonan en el cuerpo, con aquello que fue y lo que hay por venir con un aire de pret a porte permanente.<br \/>\nAll\u00ed est\u00e1 la sorpresa de renovaci\u00f3n de costumbres, extravagancia del \u201cexclusivo look\u201d.<\/p>\n<p>El contenido un magnetismo tremendo, entrador, que transporta a otro mundo al usarlo.<br \/>\nEste juego es un culto experimentado con el ingrediente m\u00e1ximo del buen gusto y el deseado sentido personalizado h\u00e1bilmente por lo que ves y a la vez lo sent\u00eds.<\/p>\n<p>Una nueva visi\u00f3n de la tradici\u00f3n lo excentrico y diverso con stravaganza.<\/p>\n<p>Because there is not \u00abPlanet B\u00bb<br \/>\nExcellent<\/p>\n","protected":false},"excerpt":{"rendered":"<p>Fashion Project Atemporal MHFdelP. Comenz\u00f3 el desarrollo con mis estudios realizados en Italia, Francia y USA. Con el ferviente deseo y objetivo de brindarle tanto a hombres como mujeres el buen vestir y la alta costura Bespoke tailor. Libertad es el simple pretexto. Mi estilo lo defino diciendo: \u00abEs el exceso en su estado m\u00e1s&hellip; <br \/> <a class=\"read-more\" href=\"https:\/\/www.dresscode.com.uy\/?page_id=2\">Leer m\u00e1s<\/a><\/p>\n","protected":false},"author":1,"featured_media":281,"parent":0,"menu_order":1,"comment_status":"closed","ping_status":"open","template":"","meta":{"footnotes":""},"folder":[],"class_list":["post-2","page","type-page","status-publish","has-post-thumbnail","hentry"],"_links":{"self":[{"href":"https:\/\/www.dresscode.com.uy\/index.php?rest_route=\/wp\/v2\/pages\/2","targetHints":{"allow":["GET"]}}],"collection":[{"href":"https:\/\/www.dresscode.com.uy\/index.php?rest_route=\/wp\/v2\/pages"}],"about":[{"href":"https:\/\/www.dresscode.com.uy\/index.php?rest_route=\/wp\/v2\/types\/page"}],"author":[{"embeddable":true,"href":"https:\/\/www.dresscode.com.uy\/index.php?rest_route=\/wp\/v2\/users\/1"}],"replies":[{"embeddable":true,"href":"https:\/\/www.dresscode.com.uy\/index.php?rest_route=%2Fwp%2Fv2%2Fcomments&post=2"}],"version-history":[{"count":7,"href":"https:\/\/www.dresscode.com.uy\/index.php?rest_route=\/wp\/v2\/pages\/2\/revisions"}],"predecessor-version":[{"id":285,"href":"https:\/\/www.dresscode.com.uy\/index.php?rest_route=\/wp\/v2\/pages\/2\/revisions\/285"}],"wp:featuredmedia":[{"embeddable":true,"href":"https:\/\/www.dresscode.com.uy\/index.php?rest_route=\/wp\/v2\/media\/281"}],"wp:attachment":[{"href":"https:\/\/www.dresscode.com.uy\/index.php?rest_route=%2Fwp%2Fv2%2Fmedia&parent=2"}],"wp:term":[{"taxonomy":"folder","embeddable":true,"href":"https:\/\/www.dresscode.com.uy\/index.php?rest_route=%2Fwp%2Fv2%2Ffolder&post=2"}],"curies":[{"name":"wp","href":"https:\/\/api.w.org\/{rel}","templated":true}]}}