{"id":150,"date":"2023-10-19T13:04:29","date_gmt":"2023-10-19T13:04:29","guid":{"rendered":"https:\/\/www.dresscode.com.uy\/?page_id=150"},"modified":"2023-11-08T16:38:54","modified_gmt":"2023-11-08T16:38:54","slug":"vestimenta","status":"publish","type":"page","link":"https:\/\/www.dresscode.com.uy\/?page_id=150","title":{"rendered":"Vestimenta"},"content":{"rendered":"<p style=\"text-align: center;\"><strong>Eleva tu style somos Sastreria bespoke de dise\u00f1o Atemporal<\/strong><\/p>\n<p style=\"text-align: center;\"><em>Hombre y Mujer<br \/>\n<\/em>-Trajes a medida y tambi\u00e9n ready to wear &#8211; Blazers\u00a0 -Sport classic -Street Style -Jeans<br \/>\n-Accesorios -Tailor alterations<\/p>\n<p style=\"text-align: center;\"><strong>Wild design -Telas\u00a0exclusivas<\/strong><\/p>\n<p style=\"text-align: center;\"><strong>Somos la nueva tendencia el Grand trend Concept: fashion &amp; trends \u201cone of a kind\u201d<\/strong><br \/>\nTambi\u00e9n dise\u00f1amos junto a ti, somos los \u00fanicos en el bespoke\u00a0Atemporal.<\/p>\n\n\t\t<style type=\"text\/css\">\n\t\t\t#gallery-1 {\n\t\t\t\tmargin: auto;\n\t\t\t}\n\t\t\t#gallery-1 .gallery-item {\n\t\t\t\tfloat: left;\n\t\t\t\tmargin-top: 10px;\n\t\t\t\ttext-align: center;\n\t\t\t\twidth: 16%;\n\t\t\t}\n\t\t\t#gallery-1 img {\n\t\t\t\tborder: 2px solid #cfcfcf;\n\t\t\t}\n\t\t\t#gallery-1 .gallery-caption {\n\t\t\t\tmargin-left: 0;\n\t\t\t}\n\t\t\t\/* see gallery_shortcode() in wp-includes\/media.php *\/\n\t\t<\/style>\n\t\t<div id='gallery-1' class='gallery galleryid-150 gallery-columns-6 gallery-size-thumbnail'><dl class='gallery-item'>\n\t\t\t<dt class='gallery-icon portrait'>\n\t\t\t\t<a href='https:\/\/www.dresscode.com.uy\/wp-content\/uploads\/2023\/10\/vest29.jpg'><img loading=\"lazy\" decoding=\"async\" width=\"150\" height=\"150\" src=\"https:\/\/www.dresscode.com.uy\/wp-content\/uploads\/2023\/10\/vest29-150x150.jpg\" class=\"attachment-thumbnail size-thumbnail\" alt=\"\" \/><\/a>\n\t\t\t<\/dt><\/dl><dl class='gallery-item'>\n\t\t\t<dt class='gallery-icon portrait'>\n\t\t\t\t<a href='https:\/\/www.dresscode.com.uy\/wp-content\/uploads\/2023\/10\/vest28.jpg'><img loading=\"lazy\" decoding=\"async\" width=\"150\" height=\"150\" src=\"https:\/\/www.dresscode.com.uy\/wp-content\/uploads\/2023\/10\/vest28-150x150.jpg\" class=\"attachment-thumbnail size-thumbnail\" alt=\"\" \/><\/a>\n\t\t\t<\/dt><\/dl><dl class='gallery-item'>\n\t\t\t<dt class='gallery-icon portrait'>\n\t\t\t\t<a href='https:\/\/www.dresscode.com.uy\/wp-content\/uploads\/2023\/10\/vest25.jpg'><img loading=\"lazy\" decoding=\"async\" width=\"150\" height=\"150\" src=\"https:\/\/www.dresscode.com.uy\/wp-content\/uploads\/2023\/10\/vest25-150x150.jpg\" class=\"attachment-thumbnail size-thumbnail\" alt=\"\" \/><\/a>\n\t\t\t<\/dt><\/dl><dl class='gallery-item'>\n\t\t\t<dt class='gallery-icon portrait'>\n\t\t\t\t<a href='https:\/\/www.dresscode.com.uy\/wp-content\/uploads\/2023\/10\/vest26.jpg'><img loading=\"lazy\" decoding=\"async\" width=\"150\" height=\"150\" src=\"https:\/\/www.dresscode.com.uy\/wp-content\/uploads\/2023\/10\/vest26-150x150.jpg\" class=\"attachment-thumbnail size-thumbnail\" alt=\"\" \/><\/a>\n\t\t\t<\/dt><\/dl><dl class='gallery-item'>\n\t\t\t<dt class='gallery-icon portrait'>\n\t\t\t\t<a href='https:\/\/www.dresscode.com.uy\/wp-content\/uploads\/2023\/10\/vest24.jpg'><img loading=\"lazy\" decoding=\"async\" width=\"150\" height=\"150\" src=\"https:\/\/www.dresscode.com.uy\/wp-content\/uploads\/2023\/10\/vest24-150x150.jpg\" class=\"attachment-thumbnail size-thumbnail\" alt=\"\" \/><\/a>\n\t\t\t<\/dt><\/dl><dl class='gallery-item'>\n\t\t\t<dt class='gallery-icon portrait'>\n\t\t\t\t<a href='https:\/\/www.dresscode.com.uy\/wp-content\/uploads\/2023\/10\/vest22.jpg'><img loading=\"lazy\" decoding=\"async\" width=\"150\" height=\"150\" src=\"https:\/\/www.dresscode.com.uy\/wp-content\/uploads\/2023\/10\/vest22-150x150.jpg\" class=\"attachment-thumbnail size-thumbnail\" alt=\"\" \/><\/a>\n\t\t\t<\/dt><\/dl><br style=\"clear: both\" \/><dl class='gallery-item'>\n\t\t\t<dt class='gallery-icon portrait'>\n\t\t\t\t<a href='https:\/\/www.dresscode.com.uy\/wp-content\/uploads\/2023\/10\/vest23.jpg'><img loading=\"lazy\" decoding=\"async\" width=\"150\" height=\"150\" src=\"https:\/\/www.dresscode.com.uy\/wp-content\/uploads\/2023\/10\/vest23-150x150.jpg\" class=\"attachment-thumbnail size-thumbnail\" alt=\"\" \/><\/a>\n\t\t\t<\/dt><\/dl><dl class='gallery-item'>\n\t\t\t<dt class='gallery-icon portrait'>\n\t\t\t\t<a href='https:\/\/www.dresscode.com.uy\/wp-content\/uploads\/2023\/10\/vest15.jpg'><img loading=\"lazy\" decoding=\"async\" width=\"150\" height=\"150\" src=\"https:\/\/www.dresscode.com.uy\/wp-content\/uploads\/2023\/10\/vest15-150x150.jpg\" class=\"attachment-thumbnail size-thumbnail\" alt=\"\" \/><\/a>\n\t\t\t<\/dt><\/dl><dl class='gallery-item'>\n\t\t\t<dt class='gallery-icon portrait'>\n\t\t\t\t<a href='https:\/\/www.dresscode.com.uy\/wp-content\/uploads\/2023\/10\/vest14.jpg'><img loading=\"lazy\" decoding=\"async\" width=\"150\" height=\"150\" src=\"https:\/\/www.dresscode.com.uy\/wp-content\/uploads\/2023\/10\/vest14-150x150.jpg\" class=\"attachment-thumbnail size-thumbnail\" alt=\"\" \/><\/a>\n\t\t\t<\/dt><\/dl><dl class='gallery-item'>\n\t\t\t<dt class='gallery-icon portrait'>\n\t\t\t\t<a href='https:\/\/www.dresscode.com.uy\/wp-content\/uploads\/2023\/10\/vest16.jpg'><img loading=\"lazy\" decoding=\"async\" width=\"150\" height=\"150\" src=\"https:\/\/www.dresscode.com.uy\/wp-content\/uploads\/2023\/10\/vest16-150x150.jpg\" class=\"attachment-thumbnail size-thumbnail\" alt=\"\" \/><\/a>\n\t\t\t<\/dt><\/dl><dl class='gallery-item'>\n\t\t\t<dt class='gallery-icon portrait'>\n\t\t\t\t<a href='https:\/\/www.dresscode.com.uy\/wp-content\/uploads\/2023\/10\/vest18.jpg'><img loading=\"lazy\" decoding=\"async\" width=\"150\" height=\"150\" src=\"https:\/\/www.dresscode.com.uy\/wp-content\/uploads\/2023\/10\/vest18-150x150.jpg\" class=\"attachment-thumbnail size-thumbnail\" alt=\"\" \/><\/a>\n\t\t\t<\/dt><\/dl><dl class='gallery-item'>\n\t\t\t<dt class='gallery-icon portrait'>\n\t\t\t\t<a href='https:\/\/www.dresscode.com.uy\/wp-content\/uploads\/2023\/10\/vest17.jpg'><img loading=\"lazy\" decoding=\"async\" width=\"150\" height=\"150\" src=\"https:\/\/www.dresscode.com.uy\/wp-content\/uploads\/2023\/10\/vest17-150x150.jpg\" class=\"attachment-thumbnail size-thumbnail\" alt=\"\" \/><\/a>\n\t\t\t<\/dt><\/dl><br style=\"clear: both\" \/><dl class='gallery-item'>\n\t\t\t<dt class='gallery-icon portrait'>\n\t\t\t\t<a href='https:\/\/www.dresscode.com.uy\/wp-content\/uploads\/2023\/10\/vest21.jpg'><img loading=\"lazy\" decoding=\"async\" width=\"150\" height=\"150\" src=\"https:\/\/www.dresscode.com.uy\/wp-content\/uploads\/2023\/10\/vest21-150x150.jpg\" class=\"attachment-thumbnail size-thumbnail\" alt=\"\" \/><\/a>\n\t\t\t<\/dt><\/dl><dl class='gallery-item'>\n\t\t\t<dt class='gallery-icon portrait'>\n\t\t\t\t<a href='https:\/\/www.dresscode.com.uy\/wp-content\/uploads\/2023\/10\/vest20.jpg'><img loading=\"lazy\" decoding=\"async\" width=\"150\" height=\"150\" src=\"https:\/\/www.dresscode.com.uy\/wp-content\/uploads\/2023\/10\/vest20-150x150.jpg\" class=\"attachment-thumbnail size-thumbnail\" alt=\"\" \/><\/a>\n\t\t\t<\/dt><\/dl><dl class='gallery-item'>\n\t\t\t<dt class='gallery-icon portrait'>\n\t\t\t\t<a href='https:\/\/www.dresscode.com.uy\/wp-content\/uploads\/2023\/10\/vest13.jpg'><img loading=\"lazy\" decoding=\"async\" width=\"150\" height=\"150\" src=\"https:\/\/www.dresscode.com.uy\/wp-content\/uploads\/2023\/10\/vest13-150x150.jpg\" class=\"attachment-thumbnail size-thumbnail\" alt=\"\" \/><\/a>\n\t\t\t<\/dt><\/dl><dl class='gallery-item'>\n\t\t\t<dt class='gallery-icon portrait'>\n\t\t\t\t<a href='https:\/\/www.dresscode.com.uy\/wp-content\/uploads\/2023\/10\/vest10.jpg'><img loading=\"lazy\" decoding=\"async\" width=\"150\" height=\"150\" src=\"https:\/\/www.dresscode.com.uy\/wp-content\/uploads\/2023\/10\/vest10-150x150.jpg\" class=\"attachment-thumbnail size-thumbnail\" alt=\"\" \/><\/a>\n\t\t\t<\/dt><\/dl><dl class='gallery-item'>\n\t\t\t<dt class='gallery-icon portrait'>\n\t\t\t\t<a href='https:\/\/www.dresscode.com.uy\/wp-content\/uploads\/2023\/10\/vest27.jpg'><img loading=\"lazy\" decoding=\"async\" width=\"150\" height=\"150\" src=\"https:\/\/www.dresscode.com.uy\/wp-content\/uploads\/2023\/10\/vest27-150x150.jpg\" class=\"attachment-thumbnail size-thumbnail\" alt=\"\" \/><\/a>\n\t\t\t<\/dt><\/dl><dl class='gallery-item'>\n\t\t\t<dt class='gallery-icon portrait'>\n\t\t\t\t<a href='https:\/\/www.dresscode.com.uy\/wp-content\/uploads\/2023\/10\/vest8.jpg'><img loading=\"lazy\" decoding=\"async\" width=\"150\" height=\"150\" src=\"https:\/\/www.dresscode.com.uy\/wp-content\/uploads\/2023\/10\/vest8-150x150.jpg\" class=\"attachment-thumbnail size-thumbnail\" alt=\"\" \/><\/a>\n\t\t\t<\/dt><\/dl><br style=\"clear: both\" \/><dl class='gallery-item'>\n\t\t\t<dt class='gallery-icon portrait'>\n\t\t\t\t<a href='https:\/\/www.dresscode.com.uy\/wp-content\/uploads\/2023\/10\/vest9.jpg'><img loading=\"lazy\" decoding=\"async\" width=\"150\" height=\"150\" src=\"https:\/\/www.dresscode.com.uy\/wp-content\/uploads\/2023\/10\/vest9-150x150.jpg\" class=\"attachment-thumbnail size-thumbnail\" alt=\"\" \/><\/a>\n\t\t\t<\/dt><\/dl><dl class='gallery-item'>\n\t\t\t<dt class='gallery-icon portrait'>\n\t\t\t\t<a href='https:\/\/www.dresscode.com.uy\/wp-content\/uploads\/2023\/10\/vest7.jpg'><img loading=\"lazy\" decoding=\"async\" width=\"150\" height=\"150\" src=\"https:\/\/www.dresscode.com.uy\/wp-content\/uploads\/2023\/10\/vest7-150x150.jpg\" class=\"attachment-thumbnail size-thumbnail\" alt=\"\" \/><\/a>\n\t\t\t<\/dt><\/dl><dl class='gallery-item'>\n\t\t\t<dt class='gallery-icon portrait'>\n\t\t\t\t<a href='https:\/\/www.dresscode.com.uy\/wp-content\/uploads\/2023\/10\/vest6.jpg'><img loading=\"lazy\" decoding=\"async\" width=\"150\" height=\"150\" src=\"https:\/\/www.dresscode.com.uy\/wp-content\/uploads\/2023\/10\/vest6-150x150.jpg\" class=\"attachment-thumbnail size-thumbnail\" alt=\"\" \/><\/a>\n\t\t\t<\/dt><\/dl><dl class='gallery-item'>\n\t\t\t<dt class='gallery-icon portrait'>\n\t\t\t\t<a href='https:\/\/www.dresscode.com.uy\/wp-content\/uploads\/2023\/10\/vest5-1.jpg'><img loading=\"lazy\" decoding=\"async\" width=\"150\" height=\"150\" src=\"https:\/\/www.dresscode.com.uy\/wp-content\/uploads\/2023\/10\/vest5-1-150x150.jpg\" class=\"attachment-thumbnail size-thumbnail\" alt=\"\" \/><\/a>\n\t\t\t<\/dt><\/dl><dl class='gallery-item'>\n\t\t\t<dt class='gallery-icon portrait'>\n\t\t\t\t<a href='https:\/\/www.dresscode.com.uy\/wp-content\/uploads\/2023\/10\/vest4-2.jpg'><img loading=\"lazy\" decoding=\"async\" width=\"150\" height=\"150\" src=\"https:\/\/www.dresscode.com.uy\/wp-content\/uploads\/2023\/10\/vest4-2-150x150.jpg\" class=\"attachment-thumbnail size-thumbnail\" alt=\"\" \/><\/a>\n\t\t\t<\/dt><\/dl><dl class='gallery-item'>\n\t\t\t<dt class='gallery-icon portrait'>\n\t\t\t\t<a href='https:\/\/www.dresscode.com.uy\/wp-content\/uploads\/2023\/10\/vest3.jpg'><img loading=\"lazy\" decoding=\"async\" width=\"150\" height=\"150\" src=\"https:\/\/www.dresscode.com.uy\/wp-content\/uploads\/2023\/10\/vest3-150x150.jpg\" class=\"attachment-thumbnail size-thumbnail\" alt=\"\" \/><\/a>\n\t\t\t<\/dt><\/dl><br style=\"clear: both\" \/><dl class='gallery-item'>\n\t\t\t<dt class='gallery-icon portrait'>\n\t\t\t\t<a href='https:\/\/www.dresscode.com.uy\/wp-content\/uploads\/2023\/10\/vest2-e1698088931693.jpg'><img loading=\"lazy\" decoding=\"async\" width=\"150\" height=\"150\" src=\"https:\/\/www.dresscode.com.uy\/wp-content\/uploads\/2023\/10\/vest2-e1698088931693-150x150.jpg\" class=\"attachment-thumbnail size-thumbnail\" alt=\"\" \/><\/a>\n\t\t\t<\/dt><\/dl><dl class='gallery-item'>\n\t\t\t<dt class='gallery-icon landscape'>\n\t\t\t\t<a href='https:\/\/www.dresscode.com.uy\/wp-content\/uploads\/2023\/10\/vest1.jpg'><img loading=\"lazy\" decoding=\"async\" width=\"150\" height=\"150\" src=\"https:\/\/www.dresscode.com.uy\/wp-content\/uploads\/2023\/10\/vest1-150x150.jpg\" class=\"attachment-thumbnail size-thumbnail\" alt=\"\" srcset=\"https:\/\/www.dresscode.com.uy\/wp-content\/uploads\/2023\/10\/vest1-150x150.jpg 150w, https:\/\/www.dresscode.com.uy\/wp-content\/uploads\/2023\/10\/vest1-300x300.jpg 300w, https:\/\/www.dresscode.com.uy\/wp-content\/uploads\/2023\/10\/vest1-768x768.jpg 768w, https:\/\/www.dresscode.com.uy\/wp-content\/uploads\/2023\/10\/vest1.jpg 1024w\" sizes=\"auto, (max-width: 150px) 100vw, 150px\" \/><\/a>\n\t\t\t<\/dt><\/dl><dl class='gallery-item'>\n\t\t\t<dt class='gallery-icon portrait'>\n\t\t\t\t<a href='https:\/\/www.dresscode.com.uy\/wp-content\/uploads\/2023\/10\/ves12.jpg'><img loading=\"lazy\" decoding=\"async\" width=\"150\" height=\"150\" src=\"https:\/\/www.dresscode.com.uy\/wp-content\/uploads\/2023\/10\/ves12-150x150.jpg\" class=\"attachment-thumbnail size-thumbnail\" alt=\"\" \/><\/a>\n\t\t\t<\/dt><\/dl><dl class='gallery-item'>\n\t\t\t<dt class='gallery-icon portrait'>\n\t\t\t\t<a href='https:\/\/www.dresscode.com.uy\/wp-content\/uploads\/2023\/10\/agregar.jpg'><img loading=\"lazy\" decoding=\"async\" width=\"150\" height=\"150\" src=\"https:\/\/www.dresscode.com.uy\/wp-content\/uploads\/2023\/10\/agregar-150x150.jpg\" class=\"attachment-thumbnail size-thumbnail\" alt=\"\" \/><\/a>\n\t\t\t<\/dt><\/dl>\n\t\t\t<br style='clear: both' \/>\n\t\t<\/div>\n\n","protected":false},"excerpt":{"rendered":"<p>Eleva tu style somos Sastreria bespoke de dise\u00f1o Atemporal Hombre y Mujer -Trajes a medida y tambi\u00e9n ready to wear &#8211; Blazers\u00a0 -Sport classic -Street Style -Jeans -Accesorios -Tailor alterations Wild design -Telas\u00a0exclusivas Somos la nueva tendencia el Grand trend Concept: fashion &amp; trends \u201cone of a kind\u201d Tambi\u00e9n dise\u00f1amos junto a ti, somos los&hellip; <br \/> <a class=\"read-more\" href=\"https:\/\/www.dresscode.com.uy\/?page_id=150\">Leer m\u00e1s<\/a><\/p>\n","protected":false},"author":1,"featured_media":174,"parent":0,"menu_order":2,"comment_status":"closed","ping_status":"closed","template":"","meta":{"footnotes":""},"folder":[],"class_list":["post-150","page","type-page","status-publish","has-post-thumbnail","hentry"],"_links":{"self":[{"href":"https:\/\/www.dresscode.com.uy\/index.php?rest_route=\/wp\/v2\/pages\/150","targetHints":{"allow":["GET"]}}],"collection":[{"href":"https:\/\/www.dresscode.com.uy\/index.php?rest_route=\/wp\/v2\/pages"}],"about":[{"href":"https:\/\/www.dresscode.com.uy\/index.php?rest_route=\/wp\/v2\/types\/page"}],"author":[{"embeddable":true,"href":"https:\/\/www.dresscode.com.uy\/index.php?rest_route=\/wp\/v2\/users\/1"}],"replies":[{"embeddable":true,"href":"https:\/\/www.dresscode.com.uy\/index.php?rest_route=%2Fwp%2Fv2%2Fcomments&post=150"}],"version-history":[{"count":10,"href":"https:\/\/www.dresscode.com.uy\/index.php?rest_route=\/wp\/v2\/pages\/150\/revisions"}],"predecessor-version":[{"id":388,"href":"https:\/\/www.dresscode.com.uy\/index.php?rest_route=\/wp\/v2\/pages\/150\/revisions\/388"}],"wp:featuredmedia":[{"embeddable":true,"href":"https:\/\/www.dresscode.com.uy\/index.php?rest_route=\/wp\/v2\/media\/174"}],"wp:attachment":[{"href":"https:\/\/www.dresscode.com.uy\/index.php?rest_route=%2Fwp%2Fv2%2Fmedia&parent=150"}],"wp:term":[{"taxonomy":"folder","embeddable":true,"href":"https:\/\/www.dresscode.com.uy\/index.php?rest_route=%2Fwp%2Fv2%2Ffolder&post=150"}],"curies":[{"name":"wp","href":"https:\/\/api.w.org\/{rel}","templated":true}]}}